{"id":1610,"date":"2025-10-04T15:25:30","date_gmt":"2025-10-04T15:25:30","guid":{"rendered":"https:\/\/audrey-fred.com\/reservations\/"},"modified":"2026-04-03T16:09:59","modified_gmt":"2026-04-03T16:09:59","slug":"reservations","status":"publish","type":"page","link":"https:\/\/audrey-fred.com\/fr\/reservations\/","title":{"rendered":"R\u00e9servations"},"content":{"rendered":"\t\t<div data-elementor-type=\"wp-page\" data-elementor-id=\"1610\" class=\"elementor elementor-1610 elementor-1098\">\n\t\t\t\t<div class=\"elementor-element elementor-element-0849b25 e-flex e-con-boxed e-con e-parent\" data-id=\"0849b25\" data-element_type=\"container\" data-settings=\"{&quot;background_background&quot;:&quot;classic&quot;}\">\n\t\t\t\t\t<div class=\"e-con-inner\">\n\t\t\t\t<div class=\"elementor-element elementor-element-afe68a4 elementor-widget elementor-widget-heading\" data-id=\"afe68a4\" data-element_type=\"widget\" data-widget_type=\"heading.default\">\n\t\t\t\t\t<h2 class=\"elementor-heading-title elementor-size-default\">R\u00e9servations<\/h2>\t\t\t\t<\/div>\n\t\t\t\t\t<\/div>\n\t\t\t\t<\/div>\n\t\t<div class=\"elementor-element elementor-element-d3d6b62 e-flex e-con-boxed e-con e-parent\" data-id=\"d3d6b62\" data-element_type=\"container\">\n\t\t\t\t\t<div class=\"e-con-inner\">\n\t\t\t\t<div class=\"elementor-element elementor-element-9e47454 elementor-widget elementor-widget-html\" data-id=\"9e47454\" data-element_type=\"widget\" data-widget_type=\"html.default\">\n\t\t\t\t\t<style>.booking-section {\r\n  background: #ffffff;\r\n  padding: 80px 20px 60px;\r\n  text-align: center;\r\n  font-family: 'Lato', sans-serif;\r\n  color: #154055;\r\n}\r\n\r\n.booking-section .container {\r\n  max-width: 900px;\r\n  margin: 0 auto;\r\n}\r\n\r\n.booking-section h2 {\r\n  font-size: 2.2rem;\r\n  font-weight: 700;\r\n  margin-bottom: 25px;\r\n  color: #154055;\r\n  position: relative;\r\n  display: inline-block;\r\n}\r\n\r\n.booking-section h2::after {\r\n  content: \"\";\r\n  position: absolute;\r\n  bottom: -10px;\r\n  left: 50%;\r\n  transform: translateX(-50%);\r\n  width: 70px;\r\n  height: 3px;\r\n  background: #01024f;\r\n  border-radius: 2px;\r\n}\r\n\r\n.booking-section p {\r\n  font-size: 1.1rem;\r\n  line-height: 1.8;\r\n  color: #333;\r\n  margin-bottom: 18px;\r\n}\r\n\r\n.booking-section p.lead {\r\n  font-size: 1.2rem;\r\n  font-weight: 500;\r\n  color: #154055;\r\n}\r\n\r\n.booking-section p.sub-intro {\r\n  font-size: 1.05rem;\r\n  color: #444;\r\n  margin-top: 15px;\r\n}\r\n\r\n\/* Responsive *\/\r\n@media (max-width: 768px) {\r\n  .booking-section {\r\n    padding: 60px 20px 40px;\r\n  }\r\n\r\n  .booking-section h2 {\r\n    font-size: 1.8rem;\r\n  }\r\n\r\n  .booking-section p {\r\n    font-size: 1rem;\r\n  }\r\n}\r\n\r\n\r\n<\/style><section class=\"booking-section\"><div class=\"container\"><h2>R\u00e9servez votre place!<\/h2><p class=\"lead\">Chaque <strong><\/strong> rencontre vous donne l'opportunit\u00e9 d'avoir de vraies conversations, intentionnelles et authentiques.\r\n    <\/p><p>Les places sont volontairement limit\u00e9es afin de pr\u00e9server l\u2019intimit\u00e9 et la qualit\u00e9 de chaque rencontre. \r\n  Une r\u00e9servation est n\u00e9cessaire pour confirmer votre participation.<\/p><p class=\"sub-intro\">\r\n    <\/p><\/div><\/section>\t\t\t\t<\/div>\n\t\t\t\t\t<\/div>\n\t\t\t\t<\/div>\n\t\t<div class=\"elementor-element elementor-element-5a21eef e-flex e-con-boxed e-con e-parent\" data-id=\"5a21eef\" data-element_type=\"container\">\n\t\t\t\t\t<div class=\"e-con-inner\">\n\t\t\t\t<div class=\"elementor-element elementor-element-059f2d9 elementor-widget elementor-widget-shortcode\" data-id=\"059f2d9\" data-element_type=\"widget\" data-widget_type=\"shortcode.default\">\n\t\t\t\t\t\t\t<div class=\"elementor-shortcode\">        <div class='list_with_filter_section mep_event_list'>\n\t\t\t            <div class=\"all_filter_item mep_event_list_sec\" id='mep_event_list_abr69d3c13ad4d32'>\n\t\t\t\t<div class=\"mage_grid_box\">            <\/div>\n        <\/div>\n\t\t            <input type=\"hidden\" name=\"pagination_per_page\" value=\"0\"\/>\r\n            <input type=\"hidden\" name=\"pagination_style\" value=\"load_more\"\/>\r\n                    <\/div>\n        <script>\n            jQuery(document).ready(function () {\n                var containerEl = document.querySelector('#mep_event_list_abr69d3c13ad4d32');\n                var mixer = mixitup(containerEl, {\n                    selectors: {\n                        target: '.mep-event-list-loop',\n                        control: '[data-mixitup-control]'\n                    }\n                });\n                \/\/ Handle title filter input\n                jQuery('input[name=\"filter_with_title\"]').on('keyup', function () {\n                    var searchText = jQuery(this).val().toLowerCase();\n                    var items = jQuery('.mep-event-list-loop');\n                    items.each(function () {\n                        var itemTitle = jQuery(this).data('title').toLowerCase();\n                        if (itemTitle.indexOf(searchText) > -1) {\n                            jQuery(this).show();\n                        } else {\n                            jQuery(this).hide();\n                        }\n                    });\n                });\n                \/\/ Handle date filter change\n                jQuery('input[name=\"filter_with_date\"]').on('change', function () {\n                    var selectedDate = jQuery(this).val();\n                    var items = jQuery('.mep-event-list-loop');\n                    if (!selectedDate) {\n                        items.show();\n                    } else {\n                        var filterDate = new Date(selectedDate);\n                        filterDate.setHours(0, 0, 0, 0); \/\/ Reset time part for date comparison\n                        items.each(function () {\n                            var itemDate = new Date(jQuery(this).data('date'));\n                            itemDate.setHours(0, 0, 0, 0); \/\/ Reset time part for date comparison\n                            if (itemDate.getTime() === filterDate.getTime()) {\n                                jQuery(this).show();\n                            } else {\n                                jQuery(this).hide();\n                            }\n                        });\n                    }\n                });\n                \/\/ Handle state filter change\n                jQuery('select[name=\"filter_with_state\"]').on('change', function () {\n                    var state = jQuery(this).val();\n                    var items = jQuery('.mep-event-list-loop');\n                    if (state === '') {\n                        items.show();\n                    } else {\n                        items.each(function () {\n                            var itemState = jQuery(this).data('state');\n                            if (itemState === state) {\n                                jQuery(this).show();\n                            } else {\n                                jQuery(this).hide();\n                            }\n                        });\n                    }\n                });\n                \/\/ Handle city filter change\n                jQuery('select[name=\"filter_with_city\"]').on('change', function () {\n                    var city = jQuery(this).val();\n                    var items = jQuery('.mep-event-list-loop');\n                    if (city === '') {\n                        items.show();\n                    } else {\n                        items.each(function () {\n                            var itemCity = jQuery(this).data('city-name');\n                            if (itemCity === city) {\n                                jQuery(this).show();\n                            } else {\n                                jQuery(this).hide();\n                            }\n                        });\n                    }\n                });\n\t\t\t\t\t\t\t\t            });\n        <\/script><\/div>\n\t\t\t\t\t\t<\/div>\n\t\t\t\t<div class=\"elementor-element elementor-element-ba251d2 elementor-widget elementor-widget-evaton-event\" data-id=\"ba251d2\" data-element_type=\"widget\" data-widget_type=\"evaton-event.default\">\n\t\t\t\t<div class=\"elementor-widget-container\">\n\t\t\t\t\t    <!-- Events List Area start -->\r\n    <section class=\"event-list-area\">\r\n        <div class=\"container\">\r\n                                                <div class=\"event-item style-two\">\r\n                                                    <div class=\"image\">\r\n                                <img fetchpriority=\"high\" decoding=\"async\" width=\"850\" height=\"581\" src=\"https:\/\/audrey-fred.com\/wp-content\/uploads\/2024\/12\/Audrey-and-Fred-event1.webp\" class=\"attachment-large size-large wp-post-image\" alt=\"\" srcset=\"https:\/\/audrey-fred.com\/wp-content\/uploads\/2024\/12\/Audrey-and-Fred-event1.webp 997w, https:\/\/audrey-fred.com\/wp-content\/uploads\/2024\/12\/Audrey-and-Fred-event1-300x205.webp 300w, https:\/\/audrey-fred.com\/wp-content\/uploads\/2024\/12\/Audrey-and-Fred-event1-768x525.webp 768w, https:\/\/audrey-fred.com\/wp-content\/uploads\/2024\/12\/Audrey-and-Fred-event1-600x410.webp 600w\" sizes=\"(max-width: 850px) 100vw, 850px\" \/>                            <\/div>\r\n                                                <div class=\"content\">\r\n                            <ul class=\"blog-meta\">\r\n                                                                    <li>\r\n                                        <i class=\"fal fa-calendar-alt\"><\/i>\r\n                                        <span>06\/03\/2026<\/span>\r\n                                    <\/li>\r\n                                                                                                    <li>\r\n                                        <i class=\"fal fa-clock\"><\/i>\r\n                                        <span>18h \u2013 22h<\/span>\r\n                                    <\/li>\r\n                                                                                                    <li>\r\n                                        <i class=\"fal fa-map-marker-alt\"><\/i>\r\n                                        <span>Geneva Polo Club, Veigy-Foncenex<\/span>\r\n                                    <\/li>\r\n                                                            <\/ul>\r\n                            <h4>Audrey &amp; Fred Connecting People x Geneva Polo Club<\/h4>\r\n                                                            <p>Le 3 juin, rejoignez-nous au Geneva Polo Club pour une soir\u00e9e de polo, une conf\u00e9rence en cercle de 20 minutes sur le pouvoir et l&#039;\u00e9quilibre, et un asado en plein air sous les \u00e9toiles \u2014 40 \u00e0 50 participants, une conversation qui compte.<\/p>\r\n                                                        <a href=\"https:\/\/audrey-fred.com\/fr\/event\/audrey-fred-connecting-people-x-geneva-polo-club\/\" class=\"theme-btn\">En savoir plus<\/a>\r\n                        <\/div>\r\n                    <\/div>\r\n                                <div class=\"event-item style-two\">\r\n                                                    <div class=\"image\">\r\n                                <img decoding=\"async\" width=\"850\" height=\"581\" src=\"https:\/\/audrey-fred.com\/wp-content\/uploads\/2026\/02\/featured-image.jpg\" class=\"attachment-large size-large wp-post-image\" alt=\"\" srcset=\"https:\/\/audrey-fred.com\/wp-content\/uploads\/2026\/02\/featured-image.jpg 997w, https:\/\/audrey-fred.com\/wp-content\/uploads\/2026\/02\/featured-image-300x205.jpg 300w, https:\/\/audrey-fred.com\/wp-content\/uploads\/2026\/02\/featured-image-768x525.jpg 768w, https:\/\/audrey-fred.com\/wp-content\/uploads\/2026\/02\/featured-image-600x410.jpg 600w\" sizes=\"(max-width: 850px) 100vw, 850px\" \/>                            <\/div>\r\n                                                <div class=\"content\">\r\n                            <ul class=\"blog-meta\">\r\n                                                                    <li>\r\n                                        <i class=\"fal fa-calendar-alt\"><\/i>\r\n                                        <span>09\/29\/2026<\/span>\r\n                                    <\/li>\r\n                                                                                                    <li>\r\n                                        <i class=\"fal fa-clock\"><\/i>\r\n                                        <span>06.00 pm- 09.30 pm<\/span>\r\n                                    <\/li>\r\n                                                                                                    <li>\r\n                                        <i class=\"fal fa-map-marker-alt\"><\/i>\r\n                                        <span>Private Villa, Mykonos, Greece<\/span>\r\n                                    <\/li>\r\n                                                            <\/ul>\r\n                            <h4>Connecter les gens &#8211; Retraite d&rsquo;affaires \u00e0 Mykonos<\/h4>\r\n                                                            <p>Audrey &amp; Fred invitent un cercle restreint de dirigeants \u00e0 Mykonos pour une retraite professionnelle intime, centr\u00e9e sur la clart\u00e9, le dialogue et la qualit\u00e9 des relations.\r\nOrganis\u00e9e dans une villa priv\u00e9e, l\u2019exp\u00e9rience m\u00eale conversations structur\u00e9es et instants de calme, offrant un espace propice \u00e0 des d\u00e9cisions plus align\u00e9es et \u00e0 la cr\u00e9ation de liens durables entre pairs.<\/p>\r\n                                                        <a href=\"https:\/\/audrey-fred.com\/fr\/event\/connecter-les-gens-retraite-daffaires-a-mykonos\/\" class=\"theme-btn\">En savoir plus<\/a>\r\n                        <\/div>\r\n                    <\/div>\r\n                                <\/div>\r\n    <\/section>\r\n    <!-- Events List Area end -->\r\n\r\n\t\t\t\t<\/div>\n\t\t\t\t<\/div>\n\t\t\t\t\t<\/div>\n\t\t\t\t<\/div>\n\t\t\t\t<\/div>\n\t\t","protected":false},"excerpt":{"rendered":"<p>R\u00e9servations R\u00e9servez votre place! Chaque rencontre vous donne l&rsquo;opportunit\u00e9 d&rsquo;avoir de vraies conversations, intentionnelles et authentiques. Les places sont volontairement limit\u00e9es afin de pr\u00e9server l\u2019intimit\u00e9 et la qualit\u00e9 de chaque rencontre. Une r\u00e9servation est n\u00e9cessaire pour confirmer votre participation. 06\/03\/2026 18h \u2013 22h Geneva Polo Club, Veigy-Foncenex Audrey &amp; Fred Connecting People x Geneva Polo [&hellip;]<\/p>\n","protected":false},"author":1,"featured_media":0,"parent":0,"menu_order":0,"comment_status":"closed","ping_status":"closed","template":"elementor_header_footer","meta":{"footnotes":""},"class_list":["post-1610","page","type-page","status-publish","hentry"],"_links":{"self":[{"href":"https:\/\/audrey-fred.com\/fr\/wp-json\/wp\/v2\/pages\/1610","targetHints":{"allow":["GET"]}}],"collection":[{"href":"https:\/\/audrey-fred.com\/fr\/wp-json\/wp\/v2\/pages"}],"about":[{"href":"https:\/\/audrey-fred.com\/fr\/wp-json\/wp\/v2\/types\/page"}],"author":[{"embeddable":true,"href":"https:\/\/audrey-fred.com\/fr\/wp-json\/wp\/v2\/users\/1"}],"replies":[{"embeddable":true,"href":"https:\/\/audrey-fred.com\/fr\/wp-json\/wp\/v2\/comments?post=1610"}],"version-history":[{"count":19,"href":"https:\/\/audrey-fred.com\/fr\/wp-json\/wp\/v2\/pages\/1610\/revisions"}],"predecessor-version":[{"id":2961,"href":"https:\/\/audrey-fred.com\/fr\/wp-json\/wp\/v2\/pages\/1610\/revisions\/2961"}],"wp:attachment":[{"href":"https:\/\/audrey-fred.com\/fr\/wp-json\/wp\/v2\/media?parent=1610"}],"curies":[{"name":"wp","href":"https:\/\/api.w.org\/{rel}","templated":true}]}}