{"id":1683,"date":"2024-11-13T05:28:58","date_gmt":"2024-11-13T05:28:58","guid":{"rendered":"https:\/\/audrey-fred.com\/a-propos\/"},"modified":"2025-11-04T14:03:51","modified_gmt":"2025-11-04T14:03:51","slug":"a-propos","status":"publish","type":"page","link":"https:\/\/audrey-fred.com\/fr\/a-propos\/","title":{"rendered":"A propos"},"content":{"rendered":"\t\t<div data-elementor-type=\"wp-page\" data-elementor-id=\"1683\" class=\"elementor elementor-1683 elementor-315\">\n\t\t\t\t<div class=\"elementor-element elementor-element-0849b25 e-flex e-con-boxed e-con e-parent\" data-id=\"0849b25\" data-element_type=\"container\" data-settings=\"{&quot;background_background&quot;:&quot;classic&quot;}\">\n\t\t\t\t\t<div class=\"e-con-inner\">\n\t\t\t\t<div class=\"elementor-element elementor-element-afe68a4 elementor-widget elementor-widget-heading\" data-id=\"afe68a4\" data-element_type=\"widget\" data-widget_type=\"heading.default\">\n\t\t\t\t\t<h2 class=\"elementor-heading-title elementor-size-default\">A propos<\/h2>\t\t\t\t<\/div>\n\t\t\t\t<div class=\"elementor-element elementor-element-c0e2236 elementor-widget elementor-widget-text-editor\" data-id=\"c0e2236\" data-element_type=\"widget\" data-widget_type=\"text-editor.default\">\n\t\t\t\t\t\t\t\t\t<p><em>Deux parcours. Une mission : nous rassembler.<\/em><\/p>\t\t\t\t\t\t\t\t<\/div>\n\t\t\t\t\t<\/div>\n\t\t\t\t<\/div>\n\t\t<div class=\"elementor-element elementor-element-ad35425 e-flex e-con-boxed e-con e-parent\" data-id=\"ad35425\" data-element_type=\"container\">\n\t\t\t\t\t<div class=\"e-con-inner\">\n\t\t\t\t<div class=\"elementor-element elementor-element-7499079 elementor-widget elementor-widget-html\" data-id=\"7499079\" data-element_type=\"widget\" data-widget_type=\"html.default\">\n\t\t\t\t\t<style>.about-section {\r\n  display: flex;\r\n  align-items: center;\r\n  justify-content: space-between;\r\n  gap: 3rem;\r\n  padding: 60px 5%;\r\n  flex-wrap: wrap;\r\n  background: #fff;\r\n}\r\nsection.about-section.reverse\r\n {\r\n    background: transparent;\r\n}\r\nsection.about-section.reverse .awards-box {\r\n    background: #ffffff;}\r\n.about-content {\r\n  flex: 1 1 50%;\r\n  min-width: 320px;\r\n}\r\n.about-content h2 {\r\n  font-size: 2rem;\r\n  color: #153a55;\r\n  font-weight: 700;\r\n  margin-bottom: 0.4rem;\r\n}\r\n.about-content h4 {\r\n  color: #555;\r\n  font-weight: 500;\r\n  margin-bottom: 1.5rem;\r\n}\r\n.about-content p {\r\n  color: #333;\r\n  line-height: 1.7;\r\n  margin-bottom: 1rem;\r\n}\r\n.quote-box {\r\n  border-left: 4px solid #f0cb61;\r\n  padding-left: 15px;\r\n  font-style: italic;\r\n  color: #153a55;\r\n  margin-top: 20px;\r\n  font-weight: 600;\r\n}\r\n.about-content a {\r\n  display: inline-block;\r\n  background: #153a55;\r\n  color: #fff;\r\n  text-decoration: none;\r\n  margin-top: 20px;\r\n  padding: 10px 20px;\r\n  border-radius: 6px;\r\n  font-weight: 500;\r\n  transition: all 0.3s ease;\r\n}\r\n\r\n.about-content a:hover\r\n {\r\n    background: #01024f;\r\n    color: #fff;\r\n}\r\n.about-image {\r\n  flex: 1 1 40%;\r\n  min-width: 300px;\r\n  text-align: center;\r\n}\r\n.about-image img {\r\n  width: 100%;\r\n  max-width: 420px;\r\n  border-radius: 12px;\r\n  box-shadow: 0 6px 15px rgba(0,0,0,0.1);\r\n}\r\n.awards-box {\r\n  background: #f8f8f8;\r\n  border-radius: 8px;\r\n  padding: 15px 20px;\r\n  margin-top: 20px;\r\n  text-align: left;\r\n  color: #333;\r\n  font-size: 0.95rem;\r\n}\r\n.awards-box strong {\r\n  color: #153a55;\r\n}\r\n@media (max-width: 768px) {\r\n  .about-section {\r\n    flex-direction: column;\r\n    text-align: left;\r\n  }\r\n  .about-section.reverse {\r\n    flex-direction: column-reverse;\r\n  }\r\n  .about-image {\r\n    margin-top: 30px;\r\n  }\r\n}\r\n<\/style><!-- Audrey Daumain Section --><section class=\"about-section\"><div class=\"about-content\"><h2>Audrey Daumain<\/h2><h4>Coach en performance ex\u00e9cutive & strat\u00e8ge en communication internationale<\/h4><p>Audrey Daumain est une coach en performance ex\u00e9cutive et une strat\u00e8ge en communication internationale reconnue avec plus de 20 ans d\u2019exp\u00e9rience en leadership dans les secteurs de la finance, de l\u2019\u00e9nergie et du luxe. Tout au long de sa carri\u00e8re, elle a conseill\u00e9 et accompagn\u00e9 des dirigeants confront\u00e9s \u00e0 des d\u00e9fis complexes, les aidant \u00e0 d\u00e9velopper clart\u00e9, confiance et impact durable dans des environnements en constante \u00e9volution.<\/p><p>En tant que fondatrice de <strong>Smart Perspective<\/strong>, Audrey est une conseill\u00e8re de confiance pour des leaders \u00e0 travers le monde. Sa capacit\u00e9 \u00e0 allier r\u00e9flexion strat\u00e9gique et connexion humaine fait d\u2019elle une interlocutrice privil\u00e9gi\u00e9e des dirigeants et d\u00e9cideurs souhaitant aligner leur vision avec des actions porteuses de sens.<\/p><p>Son parcours personnel, marqu\u00e9 par la r\u00e9silience et la transformation, continue d\u2019inspirer sa mission : ramener l\u2019authenticit\u00e9, l\u2019humanit\u00e9 et le courage au c\u0153ur du leadership et du monde des affaires. Elle est convaincue que la v\u00e9ritable transformation ne commence pas uniquement par la strat\u00e9gie, mais par des conversations sinc\u00e8res, humaines et courageuses.<\/p><p>En reconnaissance de son impact, Audrey a \u00e9t\u00e9 honor\u00e9e en 2025 lors des Women Changing the World Awards, r\u00e9compensant sa contribution \u00e0 la transformation des leaders et des organisations \u00e0 travers les secteurs et les cultures. Elle enseigne la communication interne et interpersonnelle \u00e0 la prestigieuse International Management School Geneva.<\/p><div class=\"quote-box\">\"Le vrai changement ne commence pas par une strat\u00e9gie. Il commence par une conversation \u2014 honn\u00eate, humaine et courageuse.\"\r\n    <\/div><a href=\"https:\/\/www.audreydaumain.com\" target=\"_blank\">D\u00e9couvrez le travail d\u2019Audrey \u2192<\/a><\/div><div class=\"about-image\"><img decoding=\"async\" src=\"https:\/\/audrey-fred.com\/wp-content\/uploads\/2025\/10\/Audrey-about-us.webp\" alt=\"Audrey Daumain\"><div class=\"awards-box\"><p><strong>Laur\u00e9ate :<\/strong> Women Changing the World Awards 2025, cat\u00e9gorie Leadership (Bronze)<\/p> <p><strong>Fondatrice :<\/strong> Smart Perspective<\/p> <p><strong>Auteure :<\/strong> Coautrice du best-seller Amazon <em>Inspired Journeys<\/em><\/p> <p><strong>De confiance pour :<\/strong> Richemont, Audemars Piguet, Mirabaud, EFG, SHV Energy, Michael Page, Banque Cantonale de Gen\u00e8ve<\/p><\/div><\/div><\/section>\t\t\t\t<\/div>\n\t\t\t\t\t<\/div>\n\t\t\t\t<\/div>\n\t\t<div class=\"elementor-element elementor-element-3c75b29 e-flex e-con-boxed e-con e-parent\" data-id=\"3c75b29\" data-element_type=\"container\" data-settings=\"{&quot;background_background&quot;:&quot;classic&quot;}\">\n\t\t\t\t\t<div class=\"e-con-inner\">\n\t\t\t\t<div class=\"elementor-element elementor-element-6a13fe2 elementor-widget elementor-widget-html\" data-id=\"6a13fe2\" data-element_type=\"widget\" data-widget_type=\"html.default\">\n\t\t\t\t\t<section class=\"about-section reverse\">\r\n  <div class=\"about-image\">\r\n    <img decoding=\"async\" src=\"https:\/\/audrey-fred.com\/wp-content\/uploads\/2025\/10\/danzi-fred.webp\" alt=\"Fr\u00e9d\u00e9ric Danzi\">\r\n    <div class=\"awards-box\">\r\n      <p><strong>Fondateur de :<\/strong> WIGYLEX SA, CoverSwiss SA, Neusitz S\u00e0rl, OMF-Monaco S\u00e0rl, Danzi-Innovative S\u00e0rl<\/p>\r\n      <p><strong>Inventeur de :<\/strong> SWISS-GUARDIAN (syst\u00e8me brevet\u00e9 de d\u00e9tection pr\u00e9coce des incendies)<\/p>\r\n      <p><strong>Marques :<\/strong> SKY4WELL - LIGHT4SAFE<\/p>\r\n      <p><strong>Investissements :<\/strong> Mindstate Design Labs, Tomorrow Biostasis, One Biosciences, BLAST CLUB<\/p>\r\n    <\/div>\r\n  <\/div>\r\n\r\n  <div class=\"about-content\">\r\n    <h2>Fr\u00e9d\u00e9ric Danzi<\/h2>\r\n    <h4>Entrepreneur, innovateur et fondateur <\/h4>\r\n    <p>Fr\u00e9d\u00e9ric Danzi est un entrepreneur et un innovateur suisse dont les projets couvrent les domaines de la s\u00e9curit\u00e9, de la sant\u00e9, de la biotechnologie et du design. Avec une carri\u00e8re d\u00e9finie par la curiosit\u00e9 et la volont\u00e9 de repousser les limites, il a fond\u00e9 et d\u00e9velopp\u00e9 de nombreuses entreprises, dont <strong>WIGYLEX SA<\/strong> (s\u00e9curit\u00e9), <strong>OMF-Monaco Sarl <\/strong>(health), <strong> CoverSwiss SA<\/strong> (sant\u00e9), <strong>Neusitz S\u00e0rl<\/strong> (design urbain) et <strong> Danzi-Innovative Sarl<\/strong> (innovation et conseil en entreprise). Chaque entreprise refl\u00e8te sa capacit\u00e9 \u00e0 combiner la r\u00e9solution de probl\u00e8mes pratiques avec une pens\u00e9e visionnaire, en cr\u00e9ant des solutions qui r\u00e9pondent aux d\u00e9fis modernes avec la pr\u00e9cision suisse et la pertinence mondiale.<\/p>\r\n    <p>En tant qu'inventeur de <strong>SWISS-GUARDIAN<\/strong> - un syst\u00e8me prim\u00e9 de d\u00e9tection pr\u00e9coce d'incendie pour les batteries au Lithium soutenu par <strong>INNOSUISSE<\/strong> et prot\u00e9g\u00e9 par un brevet - Fr\u00e9d\u00e9ric a d\u00e9montr\u00e9 comment l'innovation peut prot\u00e9ger non seulement la technologie, mais aussi des vies humaines. Son travail dans ce domaine a \u00e9t\u00e9 largement reconnu comme une contribution essentielle \u00e0 l'avenir de la mobilit\u00e9 durable.<\/p>\r\n    <p>En 2024-2025, il s'est lanc\u00e9 dans les biotechnologies en investissant dans 3 soci\u00e9t\u00e9s et dans les technologies du bien-\u00eatre avec <strong>SKY4WELL<\/strong> des solutions pionni\u00e8res bas\u00e9es sur la lumi\u00e8re qui am\u00e9liorent la vitalit\u00e9 mentale et physique et <strong>LIGHT4SAFE<\/strong>, visant \u00e0 renforcer la s\u00e9curit\u00e9 au travail et \u00e0 pr\u00e9venir les accidents gr\u00e2ce \u00e0 des marquages au sol par des projecteurs.<\/p>\r\n    <p>Guid\u00e9 par sa conviction que \"On ne regrette jamais d'avoir os\u00e9, mais toujours de ne pas avoir essay\u00e9\", Fr\u00e9d\u00e9ric continue d'investir dans des projets qui bousculent les conventions, favorisent le progr\u00e8s et laissent un impact durable.<\/p>\r\n\r\n    <div class=\"quote-box\">\r\n  \"On ne regrette jamais d'avoir os\u00e9, mais on regrette toujours de n'avoir jamais essay\u00e9.\r\n    <\/div>\r\n\r\n    <a href=\"https:\/\/neusitz.ch\/\" target=\"_blank\">D\u00e9couvrez le travail de Fred \u2192<\/a>\r\n  <\/div>\r\n<\/section>\t\t\t\t<\/div>\n\t\t\t\t\t<\/div>\n\t\t\t\t<\/div>\n\t\t<div class=\"elementor-element elementor-element-5e684531 e-flex e-con-boxed e-con e-parent\" data-id=\"5e684531\" data-element_type=\"container\" data-settings=\"{&quot;background_background&quot;:&quot;classic&quot;}\">\n\t\t\t\t\t<div class=\"e-con-inner\">\n\t\t\t\t<div class=\"elementor-element elementor-element-1de831f3 premium-header-block elementor-widget-mobile__width-initial premium-lq__none premium-box-lq__none elementor-widget elementor-widget-premium-addon-dual-header\" data-id=\"1de831f3\" data-element_type=\"widget\" data-widget_type=\"premium-addon-dual-header.default\">\n\t\t\t\t<div class=\"elementor-widget-container\">\n\t\t\t\t\t\n\t\t\t\t\t<h2 class=\"premium-dual-header-first-header \"><span class=\"premium-dual-header-first-span\">Ensemble <\/span><\/h2> \t\t\n\t\t\t\t\t\t<\/div>\n\t\t\t\t<\/div>\n\t\t\t\t<div class=\"elementor-element elementor-element-92fe237 elementor-align-center elementor-widget elementor-widget-button\" data-id=\"92fe237\" data-element_type=\"widget\" data-widget_type=\"button.default\">\n\t\t\t\t\t\t\t\t\t\t<a class=\"elementor-button elementor-button-link elementor-size-sm\" href=\"https:\/\/audrey-fred.com\/fr\/rejoignez-nous\/\">\n\t\t\t\t\t\t<span class=\"elementor-button-content-wrapper\">\n\t\t\t\t\t\t\t\t\t<span class=\"elementor-button-text\">Rejoignez-nous<\/span>\n\t\t\t\t\t<\/span>\n\t\t\t\t\t<\/a>\n\t\t\t\t\t\t\t\t<\/div>\n\t\t\t\t<div class=\"elementor-element elementor-element-4eda5ece elementor-widget__width-initial elementor-widget elementor-widget-text-editor\" data-id=\"4eda5ece\" data-element_type=\"widget\" data-widget_type=\"text-editor.default\">\n\t\t\t\t\t\t\t\t\t<p>Audrey &amp; Fred associent le leadership et l&rsquo;innovation, les relations humaines et les entreprises visionnaires.<\/p><p>Leur mission commune : <b>r\u00e9inventer la fa\u00e7on dont les gens se rencontrent et se connectent entre eux.<\/b><\/p><p style=\"font-weight: 400;\">Loin des pitches de vente d&rsquo;une minute, ils incitent chaque conversation \u00e0 tisser des liens authentiques qui inspirent des histoires, des id\u00e9es&#8230; et des partenariats durables!<\/p>\t\t\t\t\t\t\t\t<\/div>\n\t\t\t\t<div class=\"elementor-element elementor-element-5c7a8021 elementor-widget elementor-widget-spacer\" data-id=\"5c7a8021\" data-element_type=\"widget\" data-widget_type=\"spacer.default\">\n\t\t\t\t\t\t\t<div class=\"elementor-spacer\">\n\t\t\t<div class=\"elementor-spacer-inner\"><\/div>\n\t\t<\/div>\n\t\t\t\t\t\t<\/div>\n\t\t\t\t\t<\/div>\n\t\t\t\t<\/div>\n\t\t\t\t<\/div>\n\t\t","protected":false},"excerpt":{"rendered":"<p>A propos Deux parcours. Une mission : nous rassembler. Audrey Daumain Coach en performance ex\u00e9cutive &#038; strat\u00e8ge en communication internationale Audrey Daumain est une coach en performance ex\u00e9cutive et une strat\u00e8ge en communication internationale reconnue avec plus de 20 ans d\u2019exp\u00e9rience en leadership dans les secteurs de la finance, de l\u2019\u00e9nergie et du luxe. Tout [&hellip;]<\/p>\n","protected":false},"author":1,"featured_media":0,"parent":0,"menu_order":0,"comment_status":"closed","ping_status":"closed","template":"elementor_header_footer","meta":{"footnotes":""},"class_list":["post-1683","page","type-page","status-publish","hentry"],"_links":{"self":[{"href":"https:\/\/audrey-fred.com\/fr\/wp-json\/wp\/v2\/pages\/1683","targetHints":{"allow":["GET"]}}],"collection":[{"href":"https:\/\/audrey-fred.com\/fr\/wp-json\/wp\/v2\/pages"}],"about":[{"href":"https:\/\/audrey-fred.com\/fr\/wp-json\/wp\/v2\/types\/page"}],"author":[{"embeddable":true,"href":"https:\/\/audrey-fred.com\/fr\/wp-json\/wp\/v2\/users\/1"}],"replies":[{"embeddable":true,"href":"https:\/\/audrey-fred.com\/fr\/wp-json\/wp\/v2\/comments?post=1683"}],"version-history":[{"count":23,"href":"https:\/\/audrey-fred.com\/fr\/wp-json\/wp\/v2\/pages\/1683\/revisions"}],"predecessor-version":[{"id":2280,"href":"https:\/\/audrey-fred.com\/fr\/wp-json\/wp\/v2\/pages\/1683\/revisions\/2280"}],"wp:attachment":[{"href":"https:\/\/audrey-fred.com\/fr\/wp-json\/wp\/v2\/media?parent=1683"}],"curies":[{"name":"wp","href":"https:\/\/api.w.org\/{rel}","templated":true}]}}