{"id":1709,"date":"2025-10-04T12:59:21","date_gmt":"2025-10-04T12:59:21","guid":{"rendered":"https:\/\/audrey-fred.com\/rejoignez-nous\/"},"modified":"2025-11-05T00:10:54","modified_gmt":"2025-11-05T00:10:54","slug":"rejoignez-nous","status":"publish","type":"page","link":"https:\/\/audrey-fred.com\/fr\/rejoignez-nous\/","title":{"rendered":"Rejoignez-nous"},"content":{"rendered":"\t\t<div data-elementor-type=\"wp-page\" data-elementor-id=\"1709\" class=\"elementor elementor-1709 elementor-1007\">\n\t\t\t\t<div class=\"elementor-element elementor-element-0849b25 e-flex e-con-boxed e-con e-parent\" data-id=\"0849b25\" data-element_type=\"container\" data-settings=\"{&quot;background_background&quot;:&quot;classic&quot;}\">\n\t\t\t\t\t<div class=\"e-con-inner\">\n\t\t\t\t<div class=\"elementor-element elementor-element-afe68a4 elementor-widget elementor-widget-heading\" data-id=\"afe68a4\" data-element_type=\"widget\" data-widget_type=\"heading.default\">\n\t\t\t\t\t<h2 class=\"elementor-heading-title elementor-size-default\">Rejoignez-nous<\/h2>\t\t\t\t<\/div>\n\t\t\t\t<div class=\"elementor-element elementor-element-c0e2236 elementor-widget elementor-widget-text-editor\" data-id=\"c0e2236\" data-element_type=\"widget\" data-widget_type=\"text-editor.default\">\n\t\t\t\t\t\t\t\t\t<p><em>Pas d&rsquo;adh\u00e9sion. Pas de club d&rsquo;affaires. <\/em><\/p><p><em>Une vraie communaut\u00e9.<\/em><\/p>\t\t\t\t\t\t\t\t<\/div>\n\t\t\t\t\t<\/div>\n\t\t\t\t<\/div>\n\t\t<div class=\"elementor-element elementor-element-ad35425 e-flex e-con-boxed e-con e-parent\" data-id=\"ad35425\" data-element_type=\"container\">\n\t\t\t\t\t<div class=\"e-con-inner\">\n\t\t\t\t<div class=\"elementor-element elementor-element-7499079 elementor-widget elementor-widget-html\" data-id=\"7499079\" data-element_type=\"widget\" data-widget_type=\"html.default\">\n\t\t\t\t\t<style>.join-us {\r\n  max-width: 1200px;\r\n  margin: 0px auto;\r\n  padding: 60px 20px;\r\n  font-family: 'Lato', sans-serif;\r\n  color: #154055;\r\n  background-color: #fff;\r\n}\r\n\r\n\/* Intro *\/\r\n.join-intro {\r\n  text-align: center;\r\n  margin-bottom: 60px;\r\n}\r\n\r\n.join-intro h2 {\r\n  font-size: 2.4em;\r\n  color: #154055;\r\n  font-weight: 700;\r\n  margin-bottom: 10px;\r\n}\r\n\r\n.join-intro .subtitle {\r\n  color: #555;\r\n  font-size: 1.3em;\r\n  margin-bottom: 10px;\r\n  font-weight: 600;\r\n}\r\n\r\n.join-intro .description {\r\n  color: #333;\r\n  font-size: 1.1em;\r\n  line-height: 1.6;\r\n}\r\n\r\n\/* Golden Rules *\/\r\n.golden-rules {\r\n  text-align: center;\r\n  margin-bottom: 60px;\r\n}\r\n\r\n.golden-rules h3 {\r\n  font-size: 1.8em;\r\n  font-weight: 700;\r\n  margin-bottom: 30px;\r\n}\r\n\r\n.rules-grid {\r\n  display: flex;\r\n  justify-content: center;\r\n  gap: 30px;\r\n  flex-wrap: wrap;\r\n}\r\n\r\n.rule-box {\r\n  flex: 1 1 170px;\r\n  border: 1px solid #f0cb61;\r\n  border-radius: 10px;\r\n  padding: 30px 20px;\r\n  background: #fffaf3;\r\n  transition: all 0.3s ease;\r\n}\r\n\r\n.rule-box:hover {\r\n  background: #fdf4cf;\r\n  transform: translateY(-5px);\r\n}\r\n\r\n.rule-box .icon {\r\n  font-size: 2rem;\r\n  margin-bottom: 10px;\r\n}\r\n\r\n.rule-box h4 {\r\n  color: #154055;\r\n  font-weight: 700;\r\n  margin-bottom: 10px;\r\n}\r\n\r\n\/* How it works *\/\r\n.how-it-works {\r\n  text-align: center;\r\n  margin-bottom: 50px;\r\n}\r\n\r\n.how-it-works h3 {\r\n  font-size: 1.8em;\r\n  font-weight: 700;\r\n  margin-bottom: 15px;\r\n}\r\n\r\n\/* Register Form *\/\r\n.register-form {\r\n  background: #f8f9fa;\r\n  border: 1px solid #e5e5e5;\r\n  border-radius: 12px;\r\n  padding: 30px 15px;\r\n  max-width: 700px;\r\n  margin: 0 auto;\r\n  text-align: center;\r\n  box-shadow: 0 2px 10px rgba(0,0,0,0.05);\r\n}\r\n\r\n.register-form h3 {\r\n  margin-bottom: 25px;\r\n  color: #154055;\r\n}\r\n\r\n.form-row {\r\n  display: flex;\r\n  gap: 20px;\r\n  margin-bottom: 20px;\r\n  flex-wrap: wrap;\r\n}\r\n\r\ninput, textarea {\r\n  width: 100%;\r\n  padding: 12px 15px;\r\n  border: 1px solid #ccc;\r\n  border-radius: 8px;\r\n  font-size: 1em;\r\n  font-family: inherit;\r\n  transition: border-color 0.3s ease;\r\n}\r\n\r\ninput:focus, textarea:focus {\r\n  border-color: #f0cb61;\r\n  outline: none;\r\n}\r\n\r\nbutton {\r\n  background: #154055;\r\n  color: #fff;\r\n  border: none;\r\n  padding: 14px 30px;\r\n  border-radius: 8px;\r\n  font-size: 1em;\r\n  cursor: pointer;\r\n  transition: all 0.3s ease;\r\n}\r\n\r\nbutton:hover {\r\n  background: #f0cb61;\r\n  color: #154055;\r\n}\r\n\r\n.note {\r\n  font-size: 0.9em;\r\n  color: #666;\r\n  margin-top: 15px;\r\n  font-style: italic;\r\n}\r\n\r\n\/* Responsive *\/\r\n@media (max-width: 768px) {\r\n  .rules-grid {\r\n    flex-direction: column;\r\n    align-items: center;\r\n  }\r\n  .form-row {\r\n    flex-direction: column;\r\n  }\r\n}\r\n\r\n<\/style><section class=\"join-us\"><div class=\"join-intro\"><h2>Rejoignez-nous<\/h2><p class=\"subtitle\">Ni une adh\u00e9sion. Ni un club. Une vraie communaut\u00e9.<\/p><p class=\"description\">Nous ne sommes pas un cercle d\u2019affaires \u00e0 adh\u00e9sion. Chaque \u00e9v\u00e9nement est \u00e0 participation libre : sans engagement cach\u00e9, sans abonnement.\r\n    <\/p><\/div><div class=\"golden-rules\"><h3><\/h3><div class=\"rules-grid\"><div class=\"rule-box\"><div class=\"icon\">\ufe0f<\/div><h4>By Invitation Only<\/h4><p>Nous s\u00e9lectionnons soigneusement les participants afin que chaque \u00e9change soit intentionnel et inspirant.<\/p><\/div><div class=\"rule-box\"><div class=\"icon\"><\/div><h4>Aucune Pr\u00e9sentation Commerciale<\/h4><p>Vous \u00eates ici pour vous connecter, pas pour vendre. Le dialogue authentique passe toujours avant tout.<\/p><\/div><div class=\"rule-box\"><div class=\"icon\"><\/div><h4>Excellence<\/h4><p>Des lieux aux conversations, la qualit\u00e9 et l\u2019authenticit\u00e9 ne sont pas n\u00e9gociables.<\/p><\/div><\/div><\/div>\r\n    \r\n    <div class=\"how-it-works\"><h3>Un changement de plan?<\/h3><p>Chez Audrey & Fred, chaque \u00e9v\u00e9nement est pr\u00e9par\u00e9 avec beaucoup de soin : nous privatisons les lieux, nous choisissons nos partenaires, et nous cr\u00e9ons une exp\u00e9rience pens\u00e9e dans les d\u00e9tails. \r\n\r\nPour cette raison, les annulations sont enti\u00e8rement remboursables jusqu\u2019\u00e0 25 jours avant la date de l\u2019\u00e9v\u00e9nement. Pass\u00e9 ce d\u00e9lai, nous ne pouvons plus garantir le remboursement. Cependant, nous serons heureux de vous proposer un avoir pour un prochain \u00e9v\u00e9nement valable 12 mois. Les impr\u00e9vus font partie de la vie et nous tenons \u00e0 ce que vous restiez dans l\u2019aventure !\r\n    <\/p><\/div>\r\n    \r\n    <div class=\"how-it-works\"><h3>Comment Participer<\/h3><p>Si cela r\u00e9sonne en vous, inscrivez votre int\u00e9r\u00eat ci-dessous et rejoignez notre mailing list. Vous ne serez contact\u00e9s que pour vous envoyer des invitations et des informations sur nos \u00e9v\u00e8nements \u00e0 venir!\r\n    <\/p><\/div>\r\n    \r\n    \r\n    <div class=\"register-form\"><h3><\/h3><iframe aria-label='Interest registration-In Audrey-Fred Event' frameborder=\"0\" style=\"height:500px;width:99%;border:none;\" src='https:\/\/forms.audreydaumain.com\/smartperspective1\/form\/InterestregistrationInAudreyFredEvent\/formperma\/0RHmfvtXUtO7Y19j5HxjIz02xcDAI5b7A8WwoDkqBwM'><\/iframe><p class=\"note\">*Les invitations sont soigneusement s\u00e9lectionn\u00e9es. Vous recevrez un lien priv\u00e9 pour r\u00e9server une fois votre participation valid\u00e9e.*\r\n    <\/p><\/div><\/section>\t\t\t\t<\/div>\n\t\t\t\t\t<\/div>\n\t\t\t\t<\/div>\n\t\t\t\t<\/div>\n\t\t","protected":false},"excerpt":{"rendered":"<p>Rejoignez-nous Pas d&rsquo;adh\u00e9sion. Pas de club d&rsquo;affaires. Une vraie communaut\u00e9. Rejoignez-nous Ni une adh\u00e9sion. Ni un club. Une vraie communaut\u00e9. Nous ne sommes pas un cercle d\u2019affaires \u00e0 adh\u00e9sion. Chaque \u00e9v\u00e9nement est \u00e0 participation libre : sans engagement cach\u00e9, sans abonnement. \ufe0f By Invitation Only Nous s\u00e9lectionnons soigneusement les participants afin que chaque \u00e9change soit [&hellip;]<\/p>\n","protected":false},"author":1,"featured_media":0,"parent":0,"menu_order":0,"comment_status":"closed","ping_status":"closed","template":"elementor_header_footer","meta":{"footnotes":""},"class_list":["post-1709","page","type-page","status-publish","hentry"],"_links":{"self":[{"href":"https:\/\/audrey-fred.com\/fr\/wp-json\/wp\/v2\/pages\/1709","targetHints":{"allow":["GET"]}}],"collection":[{"href":"https:\/\/audrey-fred.com\/fr\/wp-json\/wp\/v2\/pages"}],"about":[{"href":"https:\/\/audrey-fred.com\/fr\/wp-json\/wp\/v2\/types\/page"}],"author":[{"embeddable":true,"href":"https:\/\/audrey-fred.com\/fr\/wp-json\/wp\/v2\/users\/1"}],"replies":[{"embeddable":true,"href":"https:\/\/audrey-fred.com\/fr\/wp-json\/wp\/v2\/comments?post=1709"}],"version-history":[{"count":32,"href":"https:\/\/audrey-fred.com\/fr\/wp-json\/wp\/v2\/pages\/1709\/revisions"}],"predecessor-version":[{"id":2316,"href":"https:\/\/audrey-fred.com\/fr\/wp-json\/wp\/v2\/pages\/1709\/revisions\/2316"}],"wp:attachment":[{"href":"https:\/\/audrey-fred.com\/fr\/wp-json\/wp\/v2\/media?parent=1709"}],"curies":[{"name":"wp","href":"https:\/\/api.w.org\/{rel}","templated":true}]}}