{"id":1716,"date":"2025-09-27T02:12:22","date_gmt":"2025-09-27T02:12:22","guid":{"rendered":"https:\/\/audrey-fred.com\/politique-de-confidentialite\/"},"modified":"2025-10-21T23:55:27","modified_gmt":"2025-10-21T23:55:27","slug":"politique-de-confidentialite","status":"publish","type":"page","link":"https:\/\/audrey-fred.com\/fr\/politique-de-confidentialite\/","title":{"rendered":"Politique de confidentialit\u00e9"},"content":{"rendered":"\n<p><em>Derni\u00e8re mise \u00e0 jour : Octobre 2025<\/em><\/p>\n\n<p>Chez <strong>Audrey &amp; Fred<\/strong>, nous respectons votre vie priv\u00e9e et nous nous engageons \u00e0 prot\u00e9ger vos donn\u00e9es personnelles. Cette politique de confidentialit\u00e9 explique comment nous collectons, utilisons, stockons et prot\u00e9geons vos informations lorsque vous visitez notre site web &#8211; <a href=\"https:\/\/www.audrey-fred.com\">www.audrey-fred.com &#8211;<\/a> ou interagissez avec nous par le biais de formulaires, d&rsquo;\u00e9v\u00e9nements ou d&rsquo;outils de communication. <\/p>\n\n<p>En utilisant notre site web, vous acceptez la pr\u00e9sente politique de confidentialit\u00e9.<\/p>\n\n<hr class=\"wp-block-separator has-alpha-channel-opacity\"\/>\n\n<h2 class=\"wp-block-heading\"><strong>1. Qui sommes-nous ?<\/strong><\/h2>\n\n<p><strong>Audrey &amp; Fred<\/strong> est une initiative priv\u00e9e fond\u00e9e par <strong>Audrey Daumain<\/strong> et <strong>Fr\u00e9d\u00e9ric Danzi<\/strong>, dont l&rsquo;objectif est de cr\u00e9er des rencontres, des \u00e9v\u00e9nements et des exp\u00e9riences qui favorisent une connexion humaine authentique.<\/p>\n\n<p>Notre site web est g\u00e9r\u00e9 et entretenu par notre partenaire num\u00e9rique \u00e0 des fins d&rsquo;h\u00e9bergement et de d\u00e9veloppement.<\/p>\n\n<p><strong>Courriel de contact :<\/strong> <a>info@audrey-fred.com<\/a><\/p>\n\n<hr class=\"wp-block-separator has-alpha-channel-opacity\"\/>\n\n<h2 class=\"wp-block-heading\"><strong>2. Les informations que nous recueillons<\/strong><\/h2>\n\n<p>Nous pouvons collecter et traiter les types d&rsquo;informations personnelles suivants :<\/p>\n\n<h3 class=\"wp-block-heading\"><strong>Les informations que vous fournissez directement :<\/strong><\/h3>\n\n<ul class=\"wp-block-list\">\n<li>Nom, adresse \u00e9lectronique et coordonn\u00e9es (via les formulaires d&rsquo;inscription ou de contact).<\/li>\n\n\n\n<li>Informations sur votre entreprise ou votre profession (lorsque vous manifestez votre int\u00e9r\u00eat pour des \u00e9v\u00e9nements).<\/li>\n\n\n\n<li>Informations relatives au paiement (lors de la r\u00e9servation ou du paiement d&rsquo;un \u00e9v\u00e9nement &#8211; trait\u00e9es de mani\u00e8re s\u00e9curis\u00e9e par des processeurs de paiement tiers).<\/li>\n<\/ul>\n\n<h3 class=\"wp-block-heading\"><strong>Informations collect\u00e9es automatiquement :<\/strong><\/h3>\n\n<ul class=\"wp-block-list\">\n<li>Votre adresse IP, votre type de navigateur, les informations relatives \u00e0 votre appareil et les pages de renvoi.<\/li>\n\n\n\n<li>Donn\u00e9es d&rsquo;utilisation du site via <strong>Google Analytics<\/strong>, qui nous aide \u00e0 comprendre comment les visiteurs utilisent notre site web et \u00e0 am\u00e9liorer notre contenu et l&rsquo;exp\u00e9rience utilisateur.<\/li>\n<\/ul>\n\n<h3 class=\"wp-block-heading\"><strong>Cookies :<\/strong><\/h3>\n\n<p>Notre site web utilise des cookies pour am\u00e9liorer l&rsquo;exp\u00e9rience de navigation, analyser le trafic et m\u00e9moriser vos pr\u00e9f\u00e9rences. Vous pouvez \u00e0 tout moment modifier les param\u00e8tres des cookies dans votre navigateur. <\/p>\n\n<hr class=\"wp-block-separator has-alpha-channel-opacity\"\/>\n\n<h2 class=\"wp-block-heading\"><strong>3. Comment nous utilisons vos informations<\/strong><\/h2>\n\n<p>Nous utilisons vos donn\u00e9es personnelles pour :<\/p>\n\n<ul class=\"wp-block-list\">\n<li>R\u00e9pondre aux demandes de renseignements et g\u00e9rer les inscriptions aux \u00e9v\u00e9nements.<\/li>\n\n\n\n<li>Envoyez des confirmations, des d\u00e9tails sur l&rsquo;\u00e9v\u00e9nement et des communications de suivi.<\/li>\n\n\n\n<li>Traiter les paiements s\u00e9curis\u00e9s par le biais de passerelles tierces de confiance (Stripe ou PayPal).<\/li>\n\n\n\n<li>Analysez le trafic et les performances du site web gr\u00e2ce \u00e0 <strong>Google Analytics<\/strong>.<\/li>\n\n\n\n<li>Envoyer des bulletins d&rsquo;information ou des mises \u00e0 jour occasionnelles (uniquement si vous avez choisi de le faire).<\/li>\n<\/ul>\n\n<p>Nous ne vendrons, ne louerons ni n&rsquo;\u00e9changerons jamais vos informations personnelles avec des tiers \u00e0 des fins de marketing.<\/p>\n\n<hr class=\"wp-block-separator has-alpha-channel-opacity\"\/>\n\n<h2 class=\"wp-block-heading\"><strong>4. Stockage et s\u00e9curit\u00e9 des donn\u00e9es<\/strong><\/h2>\n\n<p>Vos donn\u00e9es sont stock\u00e9es et trait\u00e9es avec le plus grand soin.<\/p>\n\n<p>Notre site web est h\u00e9berg\u00e9 par une <strong>soci\u00e9t\u00e9 d&rsquo;h\u00e9bergement tierce r\u00e9put\u00e9e<\/strong> qui respecte les normes europ\u00e9ennes en mati\u00e8re de protection des donn\u00e9es. Nous utilisons le cryptage (SSL), des contr\u00f4les d&rsquo;acc\u00e8s et des serveurs s\u00e9curis\u00e9s pour prot\u00e9ger vos informations contre tout acc\u00e8s, modification ou divulgation non autoris\u00e9s. <\/p>\n\n<p>Nous utilisons \u00e9galement des applications <strong>Zoho<\/strong> (Zoho Mail, Zoho CRM et outils connexes) pour g\u00e9rer les communications et les donn\u00e9es de contact. Ces outils sont enti\u00e8rement conformes au GDPR et h\u00e9berg\u00e9s de mani\u00e8re s\u00e9curis\u00e9e. <\/p>\n\n<hr class=\"wp-block-separator has-alpha-channel-opacity\"\/>\n\n<h2 class=\"wp-block-heading\"><strong>5. Partage d&rsquo;informations<\/strong><\/h2>\n\n<p>Nous ne partageons les informations personnelles que lorsque cela est n\u00e9cessaire \u00e0 des fins op\u00e9rationnelles, notamment :<\/p>\n\n<ul class=\"wp-block-list\">\n<li>Les <strong>processeurs de paiement<\/strong> (par exemple, Stripe, PayPal) pour effectuer les transactions de l&rsquo;\u00e9v\u00e9nement en toute s\u00e9curit\u00e9.<\/li>\n\n\n\n<li>Les <strong>fournisseurs de services de messagerie \u00e9lectronique ou de gestion de la relation client<\/strong> (par exemple, Zoho) pour la communication et la gestion des \u00e9v\u00e9nements.<\/li>\n\n\n\n<li>Les <strong>fournisseurs de services d&rsquo;analyse<\/strong> (par exemple, Google Analytics) pour nous aider \u00e0 comprendre les performances du site web.<\/li>\n<\/ul>\n\n<p>Tous les partenaires et prestataires de services sont conformes au GDPR et appliquent des politiques strictes en mati\u00e8re de protection des donn\u00e9es.<\/p>\n\n<hr class=\"wp-block-separator has-alpha-channel-opacity\"\/>\n\n<h2 class=\"wp-block-heading\"><strong>6. Vos droits en vertu du GDPR<\/strong><\/h2>\n\n<p>En tant que r\u00e9sident de l&rsquo;Union europ\u00e9enne (ou de toute r\u00e9gion dot\u00e9e de lois sur la protection des donn\u00e9es), vous avez le droit de.. :<\/p>\n\n<ul class=\"wp-block-list\">\n<li>Acc\u00e9der aux donn\u00e9es personnelles que nous d\u00e9tenons \u00e0 votre sujet.<\/li>\n\n\n\n<li>Demander la correction ou la suppression de vos informations.<\/li>\n\n\n\n<li>Retirez votre consentement \u00e0 tout moment pour le marketing ou le traitement des donn\u00e9es.<\/li>\n\n\n\n<li>Demander le transfert de vos donn\u00e9es \u00e0 un autre fournisseur de services.<\/li>\n<\/ul>\n\n<p>Pour exercer ces droits, veuillez nous contacter \u00e0 l&rsquo;adresse suivante <a>: info@audrey-fred.com<\/a>.<\/p>\n\n<hr class=\"wp-block-separator has-alpha-channel-opacity\"\/>\n\n<h2 class=\"wp-block-heading\"><strong>7. Conservation des donn\u00e9es<\/strong><\/h2>\n\n<p>Nous ne conservons vos donn\u00e9es personnelles que le temps n\u00e9cessaire :<\/p>\n\n<ul class=\"wp-block-list\">\n<li>Pour atteindre les objectifs pour lesquels les donn\u00e9es ont \u00e9t\u00e9 collect\u00e9es.<\/li>\n\n\n\n<li>Pour respecter des obligations l\u00e9gales, comptables ou de reporting.<br\/>En r\u00e8gle g\u00e9n\u00e9rale, le formulaire de contact et les donn\u00e9es d&rsquo;enregistrement sont conserv\u00e9s pendant <strong>24 mois<\/strong> au maximum, sauf s&rsquo;il est n\u00e9cessaire de les conserver plus longtemps pour des raisons de relations permanentes ou de respect des r\u00e8gles.<\/li>\n<\/ul>\n\n<hr class=\"wp-block-separator has-alpha-channel-opacity\"\/>\n\n<h2 class=\"wp-block-heading\"><strong>8. Liens vers d&rsquo;autres sites web<\/strong><\/h2>\n\n<p>Notre site web peut inclure des liens vers des sites externes (tels que des partenaires d&rsquo;\u00e9v\u00e9nements, des sites web de conf\u00e9renciers ou des \u00e9l\u00e9ments m\u00e9diatiques). Nous ne sommes pas responsables des pratiques en mati\u00e8re de protection de la vie priv\u00e9e ou du contenu de ces sites tiers et nous vous recommandons de consulter leurs politiques de protection de la vie priv\u00e9e s\u00e9par\u00e9ment.<\/p>\n\n<hr class=\"wp-block-separator has-alpha-channel-opacity\"\/>\n\n<h2 class=\"wp-block-heading\"><strong>9. Mises \u00e0 jour de la pr\u00e9sente politique<\/strong><\/h2>\n\n<p>Nous pouvons mettre \u00e0 jour cette politique de confidentialit\u00e9 de temps \u00e0 autre pour refl\u00e9ter les changements dans nos pratiques, la technologie ou les exigences l\u00e9gales. Les mises \u00e0 jour seront affich\u00e9es sur cette page avec une date r\u00e9vis\u00e9e.<\/p>\n\n<hr class=\"wp-block-separator has-alpha-channel-opacity\"\/>\n\n<h2 class=\"wp-block-heading\"><strong>10. Contactez nous<\/strong><\/h2>\n\n<p>Si vous avez des questions ou des pr\u00e9occupations concernant cette politique de confidentialit\u00e9 ou vos donn\u00e9es personnelles, veuillez nous contacter :<\/p>\n\n<p><strong>Audrey &amp; Fred<\/strong><br\/>Email : <a>info@audrey-fred.com<\/a><br\/>Website : <a href=\"https:\/\/www.audrey-fred.com\">www.audrey-fred.com<\/a><\/p>\n","protected":false},"excerpt":{"rendered":"<p>Derni\u00e8re mise \u00e0 jour : Octobre 2025 Chez Audrey &amp; Fred, nous respectons votre vie priv\u00e9e et nous nous engageons \u00e0 prot\u00e9ger vos donn\u00e9es personnelles. Cette politique de confidentialit\u00e9 explique comment nous collectons, utilisons, stockons et prot\u00e9geons vos informations lorsque vous visitez notre site web &#8211; www.audrey-fred.com &#8211; ou interagissez avec nous par le biais [&hellip;]<\/p>\n","protected":false},"author":1,"featured_media":0,"parent":0,"menu_order":0,"comment_status":"closed","ping_status":"closed","template":"","meta":{"footnotes":""},"class_list":["post-1716","page","type-page","status-publish","hentry"],"_links":{"self":[{"href":"https:\/\/audrey-fred.com\/fr\/wp-json\/wp\/v2\/pages\/1716","targetHints":{"allow":["GET"]}}],"collection":[{"href":"https:\/\/audrey-fred.com\/fr\/wp-json\/wp\/v2\/pages"}],"about":[{"href":"https:\/\/audrey-fred.com\/fr\/wp-json\/wp\/v2\/types\/page"}],"author":[{"embeddable":true,"href":"https:\/\/audrey-fred.com\/fr\/wp-json\/wp\/v2\/users\/1"}],"replies":[{"embeddable":true,"href":"https:\/\/audrey-fred.com\/fr\/wp-json\/wp\/v2\/comments?post=1716"}],"version-history":[{"count":1,"href":"https:\/\/audrey-fred.com\/fr\/wp-json\/wp\/v2\/pages\/1716\/revisions"}],"predecessor-version":[{"id":1717,"href":"https:\/\/audrey-fred.com\/fr\/wp-json\/wp\/v2\/pages\/1716\/revisions\/1717"}],"wp:attachment":[{"href":"https:\/\/audrey-fred.com\/fr\/wp-json\/wp\/v2\/media?parent=1716"}],"curies":[{"name":"wp","href":"https:\/\/api.w.org\/{rel}","templated":true}]}}